{"id":3948,"date":"2022-12-14T06:57:05","date_gmt":"2022-12-14T06:57:05","guid":{"rendered":"https:\/\/www.catsalvacura.com\/ueber-uns\/"},"modified":"2026-03-19T15:14:35","modified_gmt":"2026-03-19T15:14:35","slug":"despre-noi","status":"publish","type":"page","link":"https:\/\/cats-save.com\/ro\/despre-noi\/","title":{"rendered":"Despre noi"},"content":{"rendered":"<p>[et_pb_section fb_built=&#8221;1&#8243; custom_padding_last_edited=&#8221;on|phone&#8221; _builder_version=&#8221;4.27.4&#8243; _module_preset=&#8221;default&#8221; background_color=&#8221;#BFF0FD&#8221; width=&#8221;100%&#8221; custom_margin=&#8221;||||false|false&#8221; custom_padding=&#8221;0px||0px||true|false&#8221; custom_padding_tablet=&#8221;||||true|false&#8221; custom_padding_phone=&#8221;0px||0px||true|false&#8221; border_width_all=&#8221;0px&#8221; border_width_bottom=&#8221;10px&#8221; border_color_bottom=&#8221;#1ECBF8&#8243; locked=&#8221;off&#8221; global_colors_info=&#8221;{}&#8221;][et_pb_row _builder_version=&#8221;4.27.4&#8243; _module_preset=&#8221;default&#8221; width=&#8221;100%&#8221; max_width=&#8221;100%&#8221; custom_margin=&#8221;-15px||-15px||true|false&#8221; custom_margin_tablet=&#8221;||||false|false&#8221; custom_margin_phone=&#8221;||||false|false&#8221; custom_margin_last_edited=&#8221;on|phone&#8221; custom_padding=&#8221;0px||0px||true|false&#8221; global_colors_info=&#8221;{}&#8221;][et_pb_column type=&#8221;4_4&#8243; _builder_version=&#8221;4.27.4&#8243; _module_preset=&#8221;default&#8221; custom_padding=&#8221;||||true|false&#8221; global_colors_info=&#8221;{}&#8221;][et_pb_slider _builder_version=&#8221;4.27.6&#8243; _module_preset=&#8221;default&#8221; background_color=&#8221;RGBA(255,255,255,0)&#8221; background_enable_image=&#8221;off&#8221; width=&#8221;100%&#8221; custom_margin=&#8221;15px||15px||true|false&#8221; custom_padding=&#8221;||||true|true&#8221; hover_enabled=&#8221;0&#8243; global_colors_info=&#8221;{}&#8221; sticky_enabled=&#8221;0&#8243;][et_pb_slide heading=&#8221;Cats Save&#8221; _builder_version=&#8221;4.27.6&#8243; _module_preset=&#8221;default&#8221; header_level=&#8221;h1&#8243; header_text_align=&#8221;center&#8221; header_text_color=&#8221;#07B2DF&#8221; header_font_size=&#8221;60px&#8221; body_font=&#8221;&#8211;et_global_heading_font||||||||&#8221; body_text_align=&#8221;center&#8221; body_text_color=&#8221;#F2FCFF&#8221; body_font_size=&#8221;28px&#8221; body_line_height=&#8221;1.3em&#8221; background_color=&#8221;RGBA(255,255,255,0)&#8221; background_enable_color=&#8221;on&#8221; background_image=&#8221;https:\/\/cats-save.com\/wp-content\/uploads\/2025\/04\/Merci.jpg&#8221; background_enable_image=&#8221;on&#8221; background_position=&#8221;top_center&#8221; background_vertical_offset=&#8221;33%&#8221; width=&#8221;100%&#8221; custom_padding=&#8221;||||false|false&#8221; hover_enabled=&#8221;0&#8243; header_font_size_tablet=&#8221;35px&#8221; header_font_size_phone=&#8221;30px&#8221; header_font_size_last_edited=&#8221;on|phone&#8221; body_font_size_tablet=&#8221;20px&#8221; body_font_size_phone=&#8221;18px&#8221; body_font_size_last_edited=&#8221;on|tablet&#8221; background_last_edited=&#8221;on|desktop&#8221; border_color_all_image=&#8221;#07B2DF&#8221; global_colors_info=&#8221;{}&#8221; sticky_transition=&#8221;on&#8221; sticky_enabled=&#8221;0&#8243;]<\/p>\n<p>Speran\u021b\u0103 \u0219i un c\u0103min pentru pisicile f\u0103r\u0103 st\u0103p\u00e2n din Moldova<\/p>\n<p>[\/et_pb_slide][et_pb_slide heading=&#8221;Cats Save&#8221; _builder_version=&#8221;4.27.6&#8243; _module_preset=&#8221;default&#8221; header_level=&#8221;h1&#8243; header_text_align=&#8221;center&#8221; header_text_color=&#8221;#07B2DF&#8221; header_font_size=&#8221;60px&#8221; body_font=&#8221;&#8211;et_global_heading_font||||||||&#8221; body_text_align=&#8221;center&#8221; body_text_color=&#8221;#FAFAFA&#8221; body_font_size=&#8221;28px&#8221; body_line_height=&#8221;1.3em&#8221; background_color=&#8221;RGBA(255,255,255,0)&#8221; background_enable_color=&#8221;on&#8221; background_image=&#8221;https:\/\/cats-save.com\/wp-content\/uploads\/2025\/04\/Slider_Timmy.jpg&#8221; background_enable_image=&#8221;on&#8221; width=&#8221;100%&#8221; custom_padding=&#8221;||||false|false&#8221; hover_enabled=&#8221;0&#8243; header_font_size_tablet=&#8221;35px&#8221; header_font_size_phone=&#8221;30px&#8221; header_font_size_last_edited=&#8221;on|tablet&#8221; body_font_size_tablet=&#8221;20px&#8221; body_font_size_phone=&#8221;18px&#8221; body_font_size_last_edited=&#8221;on|phone&#8221; border_width_all_image=&#8221;3px&#8221; border_color_all_image=&#8221;#07B2DF&#8221; global_colors_info=&#8221;{}&#8221; sticky_transition=&#8221;on&#8221; sticky_enabled=&#8221;0&#8243;]<\/p>\n<p>Speran\u021b\u0103 \u0219i un c\u0103min pentru pisicile f\u0103r\u0103 st\u0103p\u00e2n din Moldova<\/p>\n<p>[\/et_pb_slide][et_pb_slide heading=&#8221;Cats Save&#8221; _builder_version=&#8221;4.27.6&#8243; _module_preset=&#8221;default&#8221; header_level=&#8221;h1&#8243; header_text_align=&#8221;center&#8221; header_text_color=&#8221;#07B2DF&#8221; header_font_size=&#8221;60px&#8221; body_font=&#8221;&#8211;et_global_heading_font||||||||&#8221; body_text_align=&#8221;center&#8221; body_text_color=&#8221;#FAFAFA&#8221; body_font_size=&#8221;28px&#8221; body_line_height=&#8221;1.3em&#8221; background_color=&#8221;RGBA(255,255,255,0)&#8221; background_enable_color=&#8221;on&#8221; background_image=&#8221;https:\/\/cats-save.com\/wp-content\/uploads\/2025\/04\/Slider_Voini.jpg&#8221; background_enable_image=&#8221;on&#8221; background_position=&#8221;top_center&#8221; width=&#8221;100%&#8221; custom_padding=&#8221;||||false|false&#8221; hover_enabled=&#8221;0&#8243; header_font_size_tablet=&#8221;35px&#8221; header_font_size_phone=&#8221;30px&#8221; header_font_size_last_edited=&#8221;on|tablet&#8221; body_font_size_tablet=&#8221;20px&#8221; body_font_size_phone=&#8221;18px&#8221; body_font_size_last_edited=&#8221;on|phone&#8221; background_last_edited=&#8221;on|phone&#8221; border_width_all_image=&#8221;3px&#8221; border_color_all_image=&#8221;#07B2DF&#8221; global_colors_info=&#8221;{}&#8221; sticky_transition=&#8221;on&#8221; sticky_enabled=&#8221;0&#8243;]<\/p>\n<p>Speran\u021b\u0103 \u0219i un c\u0103min pentru pisicile f\u0103r\u0103 st\u0103p\u00e2n din Moldova<\/p>\n<p>[\/et_pb_slide][et_pb_slide heading=&#8221;Cats Save&#8221; _builder_version=&#8221;4.27.6&#8243; _module_preset=&#8221;default&#8221; header_level=&#8221;h1&#8243; header_text_align=&#8221;center&#8221; header_text_color=&#8221;#1ECBF8&#8243; header_font_size=&#8221;60px&#8221; body_font=&#8221;&#8211;et_global_heading_font||||||||&#8221; body_text_align=&#8221;center&#8221; body_text_color=&#8221;#FAFAFA&#8221; body_font_size=&#8221;28px&#8221; body_line_height=&#8221;1.3em&#8221; background_color=&#8221;RGBA(255,255,255,0)&#8221; background_enable_color=&#8221;on&#8221; background_image=&#8221;https:\/\/cats-save.com\/wp-content\/uploads\/2025\/04\/Slider_Nitza.jpg&#8221; background_enable_image=&#8221;on&#8221; width=&#8221;100%&#8221; custom_padding=&#8221;||||false|false&#8221; hover_enabled=&#8221;0&#8243; header_font_size_tablet=&#8221;35px&#8221; header_font_size_phone=&#8221;30px&#8221; header_font_size_last_edited=&#8221;on|tablet&#8221; body_font_size_tablet=&#8221;20px&#8221; body_font_size_phone=&#8221;18px&#8221; body_font_size_last_edited=&#8221;on|phone&#8221; border_width_all_image=&#8221;3px&#8221; border_color_all_image=&#8221;#07B2DF&#8221; global_colors_info=&#8221;{}&#8221; sticky_transition=&#8221;on&#8221; sticky_enabled=&#8221;0&#8243;]<\/p>\n<p>Speran\u021b\u0103 \u0219i un c\u0103min pentru pisicile f\u0103r\u0103 st\u0103p\u00e2n din Moldova<\/p>\n<p>[\/et_pb_slide][\/et_pb_slider][\/et_pb_column][\/et_pb_row][\/et_pb_section][et_pb_section fb_built=&#8221;1&#8243; _builder_version=&#8221;4.17.3&#8243; _module_preset=&#8221;default&#8221; custom_padding=&#8221;||0px||false|false&#8221; locked=&#8221;off&#8221; global_colors_info=&#8221;{}&#8221;][et_pb_row _builder_version=&#8221;4.19.3&#8243; _module_preset=&#8221;default&#8221; custom_margin=&#8221;-110px||||false|false&#8221; custom_margin_tablet=&#8221;-90px||||false|false&#8221; custom_margin_phone=&#8221;-85px||||false|false&#8221; custom_margin_last_edited=&#8221;on|tablet&#8221; custom_padding=&#8221;0px||0px||true|false&#8221; global_colors_info=&#8221;{}&#8221;][et_pb_column type=&#8221;4_4&#8243; _builder_version=&#8221;4.17.3&#8243; _module_preset=&#8221;default&#8221; global_colors_info=&#8221;{}&#8221;][dipi_breadcrumbs hide_home=&#8221;on&#8221; bc_items_alignment=&#8221;dipi-bc-center&#8221; bc_post_type=&#8221;page&#8221; bc_schema=&#8221;on&#8221; bc_separator_color=&#8221;RGBA(255,255,255,0.8)&#8221; module_class=&#8221;dp-breadcrumb-shake-top&#8221; _builder_version=&#8221;4.27.4&#8243; _module_preset=&#8221;default&#8221; items_font=&#8221;Poppins|||on|||||&#8221; items_text_color=&#8221;rgba(255,255,255,0.8)&#8221; items_font_size=&#8221;14px&#8221; hover_text_color=&#8221;#FFFFFF&#8221; active_text_color=&#8221;#FFFFFF&#8221; background_image=&#8221;https:\/\/cats-save.com\/wp-content\/uploads\/2025\/02\/breadcrums-bg-1-1-1.svg&#8221; background_size=&#8221;contain&#8221; custom_padding=&#8221;80px||20px||false|false&#8221; custom_padding_tablet=&#8221;80px||20px||false|false&#8221; custom_padding_phone=&#8221;60px||13px||false|false&#8221; custom_padding_last_edited=&#8221;on|phone&#8221; items_font_size_tablet=&#8221;14px&#8221; items_font_size_phone=&#8221;12px&#8221; items_font_size_last_edited=&#8221;on|phone&#8221; global_colors_info=&#8221;{}&#8221;][\/dipi_breadcrumbs][\/et_pb_column][\/et_pb_row][\/et_pb_section][et_pb_section fb_built=&#8221;1&#8243; _builder_version=&#8221;4.19.3&#8243; _module_preset=&#8221;default&#8221; global_colors_info=&#8221;{}&#8221;][et_pb_row column_structure=&#8221;1_2,1_2&#8243; use_custom_gutter=&#8221;on&#8221; gutter_width=&#8221;2&#8243; _builder_version=&#8221;4.27.4&#8243; _module_preset=&#8221;default&#8221; custom_margin=&#8221;||0px||false|false&#8221; custom_padding=&#8221;||0px||false|false&#8221; global_colors_info=&#8221;{}&#8221;][et_pb_column type=&#8221;1_2&#8243; _builder_version=&#8221;4.19.3&#8243; _module_preset=&#8221;default&#8221; global_colors_info=&#8221;{}&#8221;][et_pb_text _builder_version=&#8221;4.27.6&#8243; _module_preset=&#8221;default&#8221; text_font=&#8221;Poppins||||||||&#8221; text_text_color=&#8221;#25212b&#8221; hover_enabled=&#8221;0&#8243; locked=&#8221;off&#8221; global_colors_info=&#8221;{}&#8221; sticky_enabled=&#8221;0&#8243;]<\/p>\n<p>CATS SAVE a \u00eenceput cu un singur pisoi salvat de pe str\u0103zile Moldovei. Aceast\u0103 singur\u0103 via\u021b\u0103 ne-a deschis ochii asupra nenum\u0103ratelor alte vie\u021bi care sufer\u0103 \u00een t\u0103cere.<\/p>\n<p>Dup\u0103 ce fondatorul nostru s-a mutat din Germania \u00een Moldova \u00eempreun\u0103 cu so\u021bia sa moldovence, a tr\u0103it pe propria piele gravitatea crizei pisicilor de strad\u0103. Din dragoste \u2013 \u0219i mai t\u00e2rziu, ca urmare a unei tragedii \u2013 a luat na\u0219tere o promisiune: s\u0103 nu mai \u00eentoarcem niciodat\u0103 privirea.<\/p>\n<p>Ast\u0103zi, aceast\u0103 promisiune s-a transformat \u00eentr-un ad\u0103post care \u00eengrije\u0219te peste 140 de pisici.<\/p>\n<p><strong>Valorile noastre:<\/strong><\/p>\n<ul>\n<li>Compasiune<\/li>\n<li>Transparen\u021b\u0103<\/li>\n<li>Responsabilitate<\/li>\n<li>Sensibilizarea comunit\u0103\u021bii<\/li>\n<li>Protec\u021bia durabil\u0103 a animalelor<\/li>\n<\/ul>\n<p>[\/et_pb_text][\/et_pb_column][et_pb_column type=&#8221;1_2&#8243; _builder_version=&#8221;4.19.3&#8243; _module_preset=&#8221;default&#8221; global_colors_info=&#8221;{}&#8221;][et_pb_image src=&#8221;https:\/\/cats-save.com\/wp-content\/uploads\/2025\/02\/Maxi.jpg&#8221; alt=&#8221;Maxi&#8221; title_text=&#8221;Maxi&#8221; show_bottom_space=&#8221;off&#8221; _builder_version=&#8221;4.27.4&#8243; _module_preset=&#8221;default&#8221; custom_margin=&#8221;||10px||false|false&#8221; border_width_all=&#8221;7px&#8221; border_color_all=&#8221;#1ECBF8&#8243; global_colors_info=&#8221;{}&#8221;][\/et_pb_image][et_pb_text _builder_version=&#8221;4.27.4&#8243; _module_preset=&#8221;default&#8221; global_colors_info=&#8221;{}&#8221;]Maxi[\/et_pb_text][\/et_pb_column][\/et_pb_row][\/et_pb_section]<\/p>\n","protected":false},"excerpt":{"rendered":"<p>Speran\u021b\u0103 \u0219i un c\u0103min pentru pisicile f\u0103r\u0103 st\u0103p\u00e2n din MoldovaSperan\u021b\u0103 \u0219i un c\u0103min pentru pisicile f\u0103r\u0103 st\u0103p\u00e2n din MoldovaSperan\u021b\u0103 \u0219i un c\u0103min pentru pisicile f\u0103r\u0103 st\u0103p\u00e2n din MoldovaSperan\u021b\u0103 \u0219i un c\u0103min pentru pisicile f\u0103r\u0103 st\u0103p\u00e2n din Moldova<div class=\"et_pb_module dipi_breadcrumbs dipi_breadcrumbs_0 &#8221;dp-breadcrumb-shake-top&#8221;\">\n\t\t\t\t\n\t\t\t\t\n\t\t\t\t\n\t\t\t\t\n\t\t\t\t\n\t\t\t\t\n\t\t\t\t<div class=\"et_pb_module_inner\">\n\t\t\t\t\t<div class=\"dipi-breadcrumbs &#8221;dipi-bc-center&#8221;\">\n                <ul >\n                    \n                                                        <li  class=\"dipi-breadcrumb-item dipi-breadcrumb-home\">\n\n                                                    <a  href=\"https:\/\/cats-save.com\/ro\/\">\n                                <span  content=\"Home\">\n                                                                        Cats Save                                <\/span>\n                            <\/a>\n\n                                                <meta itemprop=\"position\" content=\"1\"\/>                    <\/li>\n\n                    <li class=\"dipi-breadcrumb-separator\">\n                    <span class=\"et-pb-icon dipi-separator-icon\">$<\/span>\n                <\/li>                            \n                <\/ul>\n            <\/div>\n\t\t\t\t<\/div>\n\t\t\t<\/div><\/p>\n","protected":false},"author":2,"featured_media":0,"parent":0,"menu_order":0,"comment_status":"closed","ping_status":"closed","template":"","meta":{"_acf_changed":false,"_et_pb_use_builder":"on","_et_pb_old_content":"","_et_gb_content_width":"","footnotes":""},"dipi_cpt_category":[],"class_list":["post-3948","page","type-page","status-publish","hentry"],"acf":[],"yoast_head":"<!-- This site is optimized with the Yoast SEO plugin v27.2 - https:\/\/yoast.com\/product\/yoast-seo-wordpress\/ -->\n<title>Despre noi - Cats Save<\/title>\n<meta name=\"robots\" content=\"index, follow, max-snippet:-1, max-image-preview:large, max-video-preview:-1\" \/>\n<link rel=\"canonical\" href=\"https:\/\/cats-save.com\/ro\/despre-noi\/\" \/>\n<meta property=\"og:locale\" content=\"ro_RO\" \/>\n<meta property=\"og:type\" content=\"article\" \/>\n<meta property=\"og:title\" content=\"Despre noi - Cats Save\" \/>\n<meta property=\"og:description\" content=\"Speran\u021b\u0103 \u0219i un c\u0103min pentru pisicile f\u0103r\u0103 st\u0103p\u00e2n din MoldovaSperan\u021b\u0103 \u0219i un c\u0103min pentru pisicile f\u0103r\u0103 st\u0103p\u00e2n din MoldovaSperan\u021b\u0103 \u0219i un c\u0103min pentru pisicile f\u0103r\u0103 st\u0103p\u00e2n din MoldovaSperan\u021b\u0103 \u0219i un c\u0103min pentru pisicile f\u0103r\u0103 st\u0103p\u00e2n din Moldova\" \/>\n<meta property=\"og:url\" content=\"https:\/\/cats-save.com\/ro\/despre-noi\/\" \/>\n<meta property=\"og:site_name\" content=\"Cats Save\" \/>\n<meta property=\"article:modified_time\" content=\"2026-03-19T15:14:35+00:00\" \/>\n<meta name=\"twitter:card\" content=\"summary_large_image\" \/>\n<meta name=\"twitter:label1\" content=\"Timp estimat pentru citire\" \/>\n\t<meta name=\"twitter:data1\" content=\"9 minute\" \/>\n<script type=\"application\/ld+json\" class=\"yoast-schema-graph\">{\"@context\":\"https:\/\/schema.org\",\"@graph\":[{\"@type\":\"WebPage\",\"@id\":\"https:\/\/cats-save.com\/ro\/despre-noi\/\",\"url\":\"https:\/\/cats-save.com\/ro\/despre-noi\/\",\"name\":\"Despre noi - Cats Save\",\"isPartOf\":{\"@id\":\"https:\/\/cats-save.com\/ro\/#website\"},\"datePublished\":\"2022-12-14T06:57:05+00:00\",\"dateModified\":\"2026-03-19T15:14:35+00:00\",\"breadcrumb\":{\"@id\":\"https:\/\/cats-save.com\/ro\/despre-noi\/#breadcrumb\"},\"inLanguage\":\"ro-RO\",\"potentialAction\":[{\"@type\":\"ReadAction\",\"target\":[\"https:\/\/cats-save.com\/ro\/despre-noi\/\"]}]},{\"@type\":\"BreadcrumbList\",\"@id\":\"https:\/\/cats-save.com\/ro\/despre-noi\/#breadcrumb\",\"itemListElement\":[{\"@type\":\"ListItem\",\"position\":1,\"name\":\"Startseite\",\"item\":\"https:\/\/cats-save.com\/ro\/\"},{\"@type\":\"ListItem\",\"position\":2,\"name\":\"Despre noi\"}]},{\"@type\":\"WebSite\",\"@id\":\"https:\/\/cats-save.com\/ro\/#website\",\"url\":\"https:\/\/cats-save.com\/ro\/\",\"name\":\"Cats Save\",\"description\":\"\",\"potentialAction\":[{\"@type\":\"SearchAction\",\"target\":{\"@type\":\"EntryPoint\",\"urlTemplate\":\"https:\/\/cats-save.com\/ro\/?s={search_term_string}\"},\"query-input\":{\"@type\":\"PropertyValueSpecification\",\"valueRequired\":true,\"valueName\":\"search_term_string\"}}],\"inLanguage\":\"ro-RO\"}]}<\/script>\n<!-- \/ Yoast SEO plugin. -->","yoast_head_json":{"title":"Despre noi - Cats Save","robots":{"index":"index","follow":"follow","max-snippet":"max-snippet:-1","max-image-preview":"max-image-preview:large","max-video-preview":"max-video-preview:-1"},"canonical":"https:\/\/cats-save.com\/ro\/despre-noi\/","og_locale":"ro_RO","og_type":"article","og_title":"Despre noi - Cats Save","og_description":"Speran\u021b\u0103 \u0219i un c\u0103min pentru pisicile f\u0103r\u0103 st\u0103p\u00e2n din MoldovaSperan\u021b\u0103 \u0219i un c\u0103min pentru pisicile f\u0103r\u0103 st\u0103p\u00e2n din MoldovaSperan\u021b\u0103 \u0219i un c\u0103min pentru pisicile f\u0103r\u0103 st\u0103p\u00e2n din MoldovaSperan\u021b\u0103 \u0219i un c\u0103min pentru pisicile f\u0103r\u0103 st\u0103p\u00e2n din Moldova","og_url":"https:\/\/cats-save.com\/ro\/despre-noi\/","og_site_name":"Cats Save","article_modified_time":"2026-03-19T15:14:35+00:00","twitter_card":"summary_large_image","twitter_misc":{"Timp estimat pentru citire":"9 minute"},"schema":{"@context":"https:\/\/schema.org","@graph":[{"@type":"WebPage","@id":"https:\/\/cats-save.com\/ro\/despre-noi\/","url":"https:\/\/cats-save.com\/ro\/despre-noi\/","name":"Despre noi - Cats Save","isPartOf":{"@id":"https:\/\/cats-save.com\/ro\/#website"},"datePublished":"2022-12-14T06:57:05+00:00","dateModified":"2026-03-19T15:14:35+00:00","breadcrumb":{"@id":"https:\/\/cats-save.com\/ro\/despre-noi\/#breadcrumb"},"inLanguage":"ro-RO","potentialAction":[{"@type":"ReadAction","target":["https:\/\/cats-save.com\/ro\/despre-noi\/"]}]},{"@type":"BreadcrumbList","@id":"https:\/\/cats-save.com\/ro\/despre-noi\/#breadcrumb","itemListElement":[{"@type":"ListItem","position":1,"name":"Startseite","item":"https:\/\/cats-save.com\/ro\/"},{"@type":"ListItem","position":2,"name":"Despre noi"}]},{"@type":"WebSite","@id":"https:\/\/cats-save.com\/ro\/#website","url":"https:\/\/cats-save.com\/ro\/","name":"Cats Save","description":"","potentialAction":[{"@type":"SearchAction","target":{"@type":"EntryPoint","urlTemplate":"https:\/\/cats-save.com\/ro\/?s={search_term_string}"},"query-input":{"@type":"PropertyValueSpecification","valueRequired":true,"valueName":"search_term_string"}}],"inLanguage":"ro-RO"}]}},"_links":{"self":[{"href":"https:\/\/cats-save.com\/ro\/wp-json\/wp\/v2\/pages\/3948","targetHints":{"allow":["GET"]}}],"collection":[{"href":"https:\/\/cats-save.com\/ro\/wp-json\/wp\/v2\/pages"}],"about":[{"href":"https:\/\/cats-save.com\/ro\/wp-json\/wp\/v2\/types\/page"}],"author":[{"embeddable":true,"href":"https:\/\/cats-save.com\/ro\/wp-json\/wp\/v2\/users\/2"}],"replies":[{"embeddable":true,"href":"https:\/\/cats-save.com\/ro\/wp-json\/wp\/v2\/comments?post=3948"}],"version-history":[{"count":6,"href":"https:\/\/cats-save.com\/ro\/wp-json\/wp\/v2\/pages\/3948\/revisions"}],"predecessor-version":[{"id":27001563,"href":"https:\/\/cats-save.com\/ro\/wp-json\/wp\/v2\/pages\/3948\/revisions\/27001563"}],"wp:attachment":[{"href":"https:\/\/cats-save.com\/ro\/wp-json\/wp\/v2\/media?parent=3948"}],"wp:term":[{"taxonomy":"dipi_cpt_category","embeddable":true,"href":"https:\/\/cats-save.com\/ro\/wp-json\/wp\/v2\/dipi_cpt_category?post=3948"}],"curies":[{"name":"wp","href":"https:\/\/api.w.org\/{rel}","templated":true}]}}