{"id":27001572,"date":"2026-01-07T14:34:49","date_gmt":"2026-01-07T14:34:49","guid":{"rendered":"https:\/\/cats-save.com\/jetzt-spenden\/"},"modified":"2026-03-19T16:54:58","modified_gmt":"2026-03-19T16:54:58","slug":"doneaza-acum","status":"publish","type":"page","link":"https:\/\/cats-save.com\/ro\/doneaza-acum\/","title":{"rendered":"Doneaz\u0103 acum!"},"content":{"rendered":"<p>[et_pb_section fb_built=&#8221;1&#8243; _builder_version=&#8221;4.27.5&#8243; _module_preset=&#8221;default&#8221; global_colors_info=&#8221;{}&#8221;][et_pb_row _builder_version=&#8221;4.27.5&#8243; _module_preset=&#8221;default&#8221; global_colors_info=&#8221;{}&#8221;][et_pb_column type=&#8221;4_4&#8243; _builder_version=&#8221;4.27.5&#8243; _module_preset=&#8221;default&#8221; global_colors_info=&#8221;{}&#8221;][et_pb_text ul_position=&#8221;inside&#8221; _builder_version=&#8221;4.27.6&#8243; _module_preset=&#8221;default&#8221; header_font_size=&#8221;60px&#8221; text_orientation=&#8221;center&#8221; hover_enabled=&#8221;0&#8243; header_font_size_tablet=&#8221;40px&#8221; header_font_size_phone=&#8221;35px&#8221; header_font_size_last_edited=&#8221;on|phone&#8221; global_colors_info=&#8221;{}&#8221; sticky_enabled=&#8221;0&#8243;]<\/p>\n<h1>Doneaz\u0103 acum sau devino sponsor!<\/h1>\n<p>[\/et_pb_text][et_pb_text ul_position=&#8221;inside&#8221; _builder_version=&#8221;4.27.6&#8243; _module_preset=&#8221;default&#8221; header_font_size=&#8221;60px&#8221; text_orientation=&#8221;center&#8221; header_font_size_tablet=&#8221;40px&#8221; header_font_size_phone=&#8221;35px&#8221; header_font_size_last_edited=&#8221;on|phone&#8221; global_colors_info=&#8221;{}&#8221;]<\/p>\n<h2>Dona\u021bia dumneavoastr\u0103 salveaz\u0103 vie\u021bi<\/h2>\n<p>Avem nevoie de ajutorul unor oameni ca dumneavoastr\u0103.<\/p>\n<p>Sprijinul dumneavoastr\u0103 ne permite s\u0103 asigur\u0103m:<\/p>\n<ul>\n<li>Hran\u0103 (cel mai mare cost al nostru)<\/li>\n<li>\u00cengrijire medical\u0103<\/li>\n<li>Steriliz\u0103ri<\/li>\n<li>Costurile de \u00eenc\u0103lzire pe timpul iernii<\/li>\n<li>A\u0219ternut curat \u0219i igien\u0103<\/li>\n<\/ul>\n<p><b>Dona\u021bi acum \u0219i schimba\u021bi o via\u021b\u0103 chiar ast\u0103zi. <\/b><\/p>\n<p>[\/et_pb_text][\/et_pb_column][\/et_pb_row][et_pb_row _builder_version=&#8221;4.27.5&#8243; _module_preset=&#8221;default&#8221; global_colors_info=&#8221;{}&#8221;][et_pb_column type=&#8221;4_4&#8243; _builder_version=&#8221;4.27.5&#8243; _module_preset=&#8221;default&#8221; global_colors_info=&#8221;{}&#8221;][et_pb_text ul_position=&#8221;inside&#8221; _builder_version=&#8221;4.27.6&#8243; _module_preset=&#8221;default&#8221; header_font_size=&#8221;60px&#8221; text_orientation=&#8221;center&#8221; hover_enabled=&#8221;0&#8243; header_font_size_tablet=&#8221;40px&#8221; header_font_size_phone=&#8221;35px&#8221; header_font_size_last_edited=&#8221;on|phone&#8221; global_colors_info=&#8221;{}&#8221; sticky_enabled=&#8221;0&#8243;]<\/p>\n<h2>Adopta\u021bi o pisic\u0103 de la distan\u021b\u0103<\/h2>\n<p>Cu <b>10\u201320 \u20ac pe lun\u0103<\/b>, pute\u021bi acoperi costurile pentru hran\u0103, \u00eengrijire \u0219i asisten\u021b\u0103 medical\u0103 ale unei pisici.<\/p>\n<p>Ve\u021bi primi:<\/p>\n<ul>\n<li>Un certificat de na\u0219<\/li>\n<li>Fotografii \u0219i nout\u0103\u021bi lunare<\/li>\n<li>Povestea pisicii pe care o sus\u021bine\u021bi<\/li>\n<\/ul>\n<p><strong>Deveni\u021bi na\u0219 chiar ast\u0103zi \u2013 face\u021bi ceva care va r\u0103m\u00e2ne \u00een timp.<\/strong><\/p>\n<p>[\/et_pb_text][\/et_pb_column][\/et_pb_row][\/et_pb_section]<\/p>\n","protected":false},"excerpt":{"rendered":"<p>Doneaz\u0103 acum sau devino sponsor!Dona\u021bia dumneavoastr\u0103 salveaz\u0103 vie\u021bi Avem nevoie de ajutorul unor oameni ca dumneavoastr\u0103. Sprijinul dumneavoastr\u0103 ne permite s\u0103 asigur\u0103m: Hran\u0103 (cel mai mare cost al nostru) \u00cengrijire medical\u0103 Steriliz\u0103ri Costurile de \u00eenc\u0103lzire pe timpul iernii A\u0219ternut curat \u0219i igien\u0103 Dona\u021bi acum \u0219i schimba\u021bi o via\u021b\u0103 chiar ast\u0103zi. Adopta\u021bi o pisic\u0103 de la [&hellip;]<\/p>\n","protected":false},"author":2,"featured_media":0,"parent":0,"menu_order":0,"comment_status":"closed","ping_status":"closed","template":"","meta":{"_acf_changed":false,"_et_pb_use_builder":"on","_et_pb_old_content":"","_et_gb_content_width":"","footnotes":""},"dipi_cpt_category":[],"class_list":["post-27001572","page","type-page","status-publish","hentry"],"acf":[],"yoast_head":"<!-- This site is optimized with the Yoast SEO plugin v27.2 - https:\/\/yoast.com\/product\/yoast-seo-wordpress\/ -->\n<title>Doneaz\u0103 acum! - Cats Save<\/title>\n<meta name=\"robots\" content=\"index, follow, max-snippet:-1, max-image-preview:large, max-video-preview:-1\" \/>\n<link rel=\"canonical\" href=\"https:\/\/cats-save.com\/ro\/doneaza-acum\/\" \/>\n<meta property=\"og:locale\" content=\"ro_RO\" \/>\n<meta property=\"og:type\" content=\"article\" \/>\n<meta property=\"og:title\" content=\"Doneaz\u0103 acum! - Cats Save\" \/>\n<meta property=\"og:description\" content=\"Doneaz\u0103 acum sau devino sponsor!Dona\u021bia dumneavoastr\u0103 salveaz\u0103 vie\u021bi Avem nevoie de ajutorul unor oameni ca dumneavoastr\u0103. Sprijinul dumneavoastr\u0103 ne permite s\u0103 asigur\u0103m: Hran\u0103 (cel mai mare cost al nostru) \u00cengrijire medical\u0103 Steriliz\u0103ri Costurile de \u00eenc\u0103lzire pe timpul iernii A\u0219ternut curat \u0219i igien\u0103 Dona\u021bi acum \u0219i schimba\u021bi o via\u021b\u0103 chiar ast\u0103zi. Adopta\u021bi o pisic\u0103 de la [&hellip;]\" \/>\n<meta property=\"og:url\" content=\"https:\/\/cats-save.com\/ro\/doneaza-acum\/\" \/>\n<meta property=\"og:site_name\" content=\"Cats Save\" \/>\n<meta property=\"article:modified_time\" content=\"2026-03-19T16:54:58+00:00\" \/>\n<meta name=\"twitter:card\" content=\"summary_large_image\" \/>\n<meta name=\"twitter:label1\" content=\"Timp estimat pentru citire\" \/>\n\t<meta name=\"twitter:data1\" content=\"1 minut\" \/>\n<script type=\"application\/ld+json\" class=\"yoast-schema-graph\">{\"@context\":\"https:\/\/schema.org\",\"@graph\":[{\"@type\":\"WebPage\",\"@id\":\"https:\/\/cats-save.com\/ro\/doneaza-acum\/\",\"url\":\"https:\/\/cats-save.com\/ro\/doneaza-acum\/\",\"name\":\"Doneaz\u0103 acum! - Cats Save\",\"isPartOf\":{\"@id\":\"https:\/\/cats-save.com\/ro\/#website\"},\"datePublished\":\"2026-01-07T14:34:49+00:00\",\"dateModified\":\"2026-03-19T16:54:58+00:00\",\"breadcrumb\":{\"@id\":\"https:\/\/cats-save.com\/ro\/doneaza-acum\/#breadcrumb\"},\"inLanguage\":\"ro-RO\",\"potentialAction\":[{\"@type\":\"ReadAction\",\"target\":[\"https:\/\/cats-save.com\/ro\/doneaza-acum\/\"]}]},{\"@type\":\"BreadcrumbList\",\"@id\":\"https:\/\/cats-save.com\/ro\/doneaza-acum\/#breadcrumb\",\"itemListElement\":[{\"@type\":\"ListItem\",\"position\":1,\"name\":\"Startseite\",\"item\":\"https:\/\/cats-save.com\/ro\/\"},{\"@type\":\"ListItem\",\"position\":2,\"name\":\"Doneaz\u0103 acum!\"}]},{\"@type\":\"WebSite\",\"@id\":\"https:\/\/cats-save.com\/ro\/#website\",\"url\":\"https:\/\/cats-save.com\/ro\/\",\"name\":\"Cats Save\",\"description\":\"\",\"potentialAction\":[{\"@type\":\"SearchAction\",\"target\":{\"@type\":\"EntryPoint\",\"urlTemplate\":\"https:\/\/cats-save.com\/ro\/?s={search_term_string}\"},\"query-input\":{\"@type\":\"PropertyValueSpecification\",\"valueRequired\":true,\"valueName\":\"search_term_string\"}}],\"inLanguage\":\"ro-RO\"}]}<\/script>\n<!-- \/ Yoast SEO plugin. -->","yoast_head_json":{"title":"Doneaz\u0103 acum! - Cats Save","robots":{"index":"index","follow":"follow","max-snippet":"max-snippet:-1","max-image-preview":"max-image-preview:large","max-video-preview":"max-video-preview:-1"},"canonical":"https:\/\/cats-save.com\/ro\/doneaza-acum\/","og_locale":"ro_RO","og_type":"article","og_title":"Doneaz\u0103 acum! - Cats Save","og_description":"Doneaz\u0103 acum sau devino sponsor!Dona\u021bia dumneavoastr\u0103 salveaz\u0103 vie\u021bi Avem nevoie de ajutorul unor oameni ca dumneavoastr\u0103. Sprijinul dumneavoastr\u0103 ne permite s\u0103 asigur\u0103m: Hran\u0103 (cel mai mare cost al nostru) \u00cengrijire medical\u0103 Steriliz\u0103ri Costurile de \u00eenc\u0103lzire pe timpul iernii A\u0219ternut curat \u0219i igien\u0103 Dona\u021bi acum \u0219i schimba\u021bi o via\u021b\u0103 chiar ast\u0103zi. Adopta\u021bi o pisic\u0103 de la [&hellip;]","og_url":"https:\/\/cats-save.com\/ro\/doneaza-acum\/","og_site_name":"Cats Save","article_modified_time":"2026-03-19T16:54:58+00:00","twitter_card":"summary_large_image","twitter_misc":{"Timp estimat pentru citire":"1 minut"},"schema":{"@context":"https:\/\/schema.org","@graph":[{"@type":"WebPage","@id":"https:\/\/cats-save.com\/ro\/doneaza-acum\/","url":"https:\/\/cats-save.com\/ro\/doneaza-acum\/","name":"Doneaz\u0103 acum! - Cats Save","isPartOf":{"@id":"https:\/\/cats-save.com\/ro\/#website"},"datePublished":"2026-01-07T14:34:49+00:00","dateModified":"2026-03-19T16:54:58+00:00","breadcrumb":{"@id":"https:\/\/cats-save.com\/ro\/doneaza-acum\/#breadcrumb"},"inLanguage":"ro-RO","potentialAction":[{"@type":"ReadAction","target":["https:\/\/cats-save.com\/ro\/doneaza-acum\/"]}]},{"@type":"BreadcrumbList","@id":"https:\/\/cats-save.com\/ro\/doneaza-acum\/#breadcrumb","itemListElement":[{"@type":"ListItem","position":1,"name":"Startseite","item":"https:\/\/cats-save.com\/ro\/"},{"@type":"ListItem","position":2,"name":"Doneaz\u0103 acum!"}]},{"@type":"WebSite","@id":"https:\/\/cats-save.com\/ro\/#website","url":"https:\/\/cats-save.com\/ro\/","name":"Cats Save","description":"","potentialAction":[{"@type":"SearchAction","target":{"@type":"EntryPoint","urlTemplate":"https:\/\/cats-save.com\/ro\/?s={search_term_string}"},"query-input":{"@type":"PropertyValueSpecification","valueRequired":true,"valueName":"search_term_string"}}],"inLanguage":"ro-RO"}]}},"_links":{"self":[{"href":"https:\/\/cats-save.com\/ro\/wp-json\/wp\/v2\/pages\/27001572","targetHints":{"allow":["GET"]}}],"collection":[{"href":"https:\/\/cats-save.com\/ro\/wp-json\/wp\/v2\/pages"}],"about":[{"href":"https:\/\/cats-save.com\/ro\/wp-json\/wp\/v2\/types\/page"}],"author":[{"embeddable":true,"href":"https:\/\/cats-save.com\/ro\/wp-json\/wp\/v2\/users\/2"}],"replies":[{"embeddable":true,"href":"https:\/\/cats-save.com\/ro\/wp-json\/wp\/v2\/comments?post=27001572"}],"version-history":[{"count":7,"href":"https:\/\/cats-save.com\/ro\/wp-json\/wp\/v2\/pages\/27001572\/revisions"}],"predecessor-version":[{"id":27001609,"href":"https:\/\/cats-save.com\/ro\/wp-json\/wp\/v2\/pages\/27001572\/revisions\/27001609"}],"wp:attachment":[{"href":"https:\/\/cats-save.com\/ro\/wp-json\/wp\/v2\/media?parent=27001572"}],"wp:term":[{"taxonomy":"dipi_cpt_category","embeddable":true,"href":"https:\/\/cats-save.com\/ro\/wp-json\/wp\/v2\/dipi_cpt_category?post=27001572"}],"curies":[{"name":"wp","href":"https:\/\/api.w.org\/{rel}","templated":true}]}}